{"id":14907,"date":"2019-10-02T11:38:13","date_gmt":"2019-10-02T09:38:13","guid":{"rendered":"https:\/\/cuvillier.de\/sites\/?post_type=product&#038;p=14907"},"modified":"2019-12-18T09:24:52","modified_gmt":"2019-12-18T08:24:52","slug":"leitlinien-unfallchirurgie-abo","status":"publish","type":"product","link":"https:\/\/cuvillier.de\/sites\/produkt\/leitlinien-unfallchirurgie-abo\/","title":{"rendered":"Leitlinien Unfallchirurgie &#8211; E-Book Abo &#8211; nur f\u00fcr bisherige K\u00e4ufer der ULL"},"content":{"rendered":"<p>[et_pb_section bb_built=&#8221;1&#8243; admin_label=&#8221;section&#8221;][et_pb_row admin_label=&#8221;row&#8221; background_position=&#8221;top_left&#8221; background_repeat=&#8221;repeat&#8221; background_size=&#8221;initial&#8221; _builder_version=&#8221;3.16.1&#8243;][et_pb_column type=&#8221;4_4&#8243;][et_pb_text background_position=&#8221;top_left&#8221; background_repeat=&#8221;repeat&#8221; background_size=&#8221;initial&#8221; _builder_version=&#8221;3.16.1&#8243;]<\/p>\n<p><strong>Abonnement: Leitlinien Unfallchirurgie &#8211; immer die neueste Auflage<\/strong><\/p>\n<p>Die Deutsche Gesellschaft f\u00fcr Unfallchirurgie e.V. (DGU) gibt als wissenschaftliche Fachgesellschaft seit 1996 Leitlinien f\u00fcr die unfallchirurgische Diagnostik und Therapie heraus, die alle 5 Jahre \u00fcberarbeitet werden. Die Leitlinien sind auf der Seite der Arbeitsgemeinschaft Wissenschaftlicher Medizinischer Fachgesellschaften (AWMF) stets aktuell abrufbar. Der direkte Link zu den einzelnen Leitlinien findet sich auf der Homepage der DGU: dgu-online.de.<br \/>\nBisher sind vier Auflagen der DGU Leitlinien 1997 &#8211; 1999 &#8211; 2001 und 2018 als Buch und 2018 auch als E-Book erschienen. Diese 5. Auflage enth\u00e4lt 6 komplett neu erar-beitete Leitlinien sowie 4 aktualisierte Leitl\u00acinien, jetzt fast alle auf dem S2e-Niveau der AWMF.<br \/>\nDie Leitlinien Unfallchirurgie sind checklistenartig formuliert und haben eine einheitliche Gliederung, mit der man sich rasch orientieren kann. Das gilt besonders f\u00fcr das E-Book.<br \/>\nDie Leitlinien werden von Experten als Federf\u00fchrende Autoren nach eingehender Literatur-Recherche formuliert und dann von der DGU Leitlinien-Kommission (gemeinsam mit der \u00d6GU) eingehend diskutiert. S2- und S3-Leitlinien sind zudem evidenzbasiert. Abschlie\u00dfend werden die Leitlinien mit dem Vorstand der DGU, mit der DGOOC und weiteren spezialisierten Fachgesellschaften konsentiert.<br \/>\nLeitlinien k\u00f6nnen wegen des rasanten Wachstums des medizinischen Wissens und der relativ kurzen Halbwertszeit immer nur eine Momentaufnahme sein. Daher sollen die Leitlinien sp\u00e4testens alle 5 Jahre \u00fcberarbeitet werden. Danach erlischt die G\u00fcltigkeit.<\/p>\n<p>Leitlinien ber\u00fccksichtigen in erster Linie \u00e4rztlich-wissenschaftliche und nicht wirtschaftliche Aspekte. Insbesondere d\u00fcrfen Leitlinien den medizinischen Fortschritt und neue \u00e4rztliche Methoden nicht behindern.<\/p>\n<p>Auch wenn Leitlinien oft bei fraglichen Behandlungsfehlern heran gezogen werden, ist es Aufgabe des Gerichtsgutachters, den zum ma\u00dfgeblichen Zeitpunkt geltenden Medizinischen Standard zu beschreiben und dem Gericht mitzuteilen. Die Funktion des fachspezifischen und erfahrenen Gutachters kann nicht durch Leitlinien ersetzt werden, ihre Anwendung setzt medizinischen Sachverstand voraus.<\/p>\n<p>Leitlinien sind keine Richtlinien und sind nicht in jeder individuellen Behandlungssituation uneingeschr\u00e4nkt anwendbar. Auch bei Leitlinien best\u00e4tigen begr\u00fcndete Ausnahmen die Regel. Selbst bei strikter Anwendung der Leitlinien kann das erw\u00fcnschte Behandlungsergebnis nicht garantiert werden.<\/p>\n<p><strong>Mit dem neuen Abo-Modell erh\u00e4lten Sie alle Novellierungen und alle neuen Leitlinien direkt nach Erscheinen.<\/strong><\/p>\n<p>[\/et_pb_text][\/et_pb_column][\/et_pb_row][\/et_pb_section]<\/p>\n<div class=\"shariff shariff-align-flex-start shariff-widget-align-flex-start\" data-services=\"facebook%7Cpinterest\" data-url=\"https%3A%2F%2Fcuvillier.de%2Fsites%2Fprodukt%2Fleitlinien-unfallchirurgie-abo%2F\" data-timestamp=\"1576661092\" data-backendurl=\"https:\/\/cuvillier.de\/sites\/wp-json\/shariff\/v1\/share_counts?\"><ul class=\"shariff-buttons theme-round orientation-horizontal buttonsize-medium\"><li class=\"shariff-button facebook shariff-nocustomcolor\" style=\"background-color:#4273c8\"><a href=\"https:\/\/www.facebook.com\/sharer\/sharer.php?u=https%3A%2F%2Fcuvillier.de%2Fsites%2Fprodukt%2Fleitlinien-unfallchirurgie-abo%2F\" title=\"Bei Facebook teilen\" aria-label=\"Bei Facebook teilen\" role=\"button\" rel=\"nofollow\" class=\"shariff-link\" style=\"; background-color:#3b5998; color:#fff\" target=\"_blank\"><span class=\"shariff-icon\" style=\"\"><svg width=\"32px\" height=\"20px\" xmlns=\"http:\/\/www.w3.org\/2000\/svg\" viewBox=\"0 0 18 32\"><path fill=\"#3b5998\" d=\"M17.1 0.2v4.7h-2.8q-1.5 0-2.1 0.6t-0.5 1.9v3.4h5.2l-0.7 5.3h-4.5v13.6h-5.5v-13.6h-4.5v-5.3h4.5v-3.9q0-3.3 1.9-5.2t5-1.8q2.6 0 4.1 0.2z\"\/><\/svg><\/span><\/a><\/li><li class=\"shariff-button xing shariff-nocustomcolor\" style=\"background-color:#29888a\"><a href=\"https:\/\/www.xing.com\/spi\/shares\/new?url=https%3A%2F%2Fcuvillier.de%2Fsites%2Fprodukt%2Fleitlinien-unfallchirurgie-abo%2F\" title=\"Bei XING teilen\" aria-label=\"Bei XING teilen\" role=\"button\" rel=\"noopener nofollow\" class=\"shariff-link\" style=\"; background-color:#126567; color:#fff\" target=\"_blank\"><span class=\"shariff-icon\" style=\"\"><svg width=\"32px\" height=\"20px\" xmlns=\"http:\/\/www.w3.org\/2000\/svg\" viewBox=\"0 0 25 32\"><path fill=\"#126567\" d=\"M10.7 11.9q-0.2 0.3-4.6 8.2-0.5 0.8-1.2 0.8h-4.3q-0.4 0-0.5-0.3t0-0.6l4.5-8q0 0 0 0l-2.9-5q-0.2-0.4 0-0.7 0.2-0.3 0.5-0.3h4.3q0.7 0 1.2 0.8zM25.1 0.4q0.2 0.3 0 0.7l-9.4 16.7 6 11q0.2 0.4 0 0.6-0.2 0.3-0.6 0.3h-4.3q-0.7 0-1.2-0.8l-6-11.1q0.3-0.6 9.5-16.8 0.4-0.8 1.2-0.8h4.3q0.4 0 0.5 0.3z\"\/><\/svg><\/span><\/a><\/li><li class=\"shariff-button linkedin shariff-nocustomcolor\" style=\"background-color:#1488bf\"><a href=\"https:\/\/www.linkedin.com\/sharing\/share-offsite\/?url=https%3A%2F%2Fcuvillier.de%2Fsites%2Fprodukt%2Fleitlinien-unfallchirurgie-abo%2F\" title=\"Bei LinkedIn teilen\" aria-label=\"Bei LinkedIn teilen\" role=\"button\" rel=\"noopener nofollow\" class=\"shariff-link\" style=\"; background-color:#0077b5; color:#fff\" target=\"_blank\"><span class=\"shariff-icon\" style=\"\"><svg width=\"32px\" height=\"20px\" xmlns=\"http:\/\/www.w3.org\/2000\/svg\" viewBox=\"0 0 27 32\"><path fill=\"#0077b5\" d=\"M6.2 11.2v17.7h-5.9v-17.7h5.9zM6.6 5.7q0 1.3-0.9 2.2t-2.4 0.9h0q-1.5 0-2.4-0.9t-0.9-2.2 0.9-2.2 2.4-0.9 2.4 0.9 0.9 2.2zM27.4 18.7v10.1h-5.9v-9.5q0-1.9-0.7-2.9t-2.3-1.1q-1.1 0-1.9 0.6t-1.2 1.5q-0.2 0.5-0.2 1.4v9.9h-5.9q0-7.1 0-11.6t0-5.3l0-0.9h5.9v2.6h0q0.4-0.6 0.7-1t1-0.9 1.6-0.8 2-0.3q3 0 4.9 2t1.9 6z\"\/><\/svg><\/span><\/a><\/li><li class=\"shariff-button twitter shariff-nocustomcolor\" style=\"background-color:#32bbf5\"><a href=\"https:\/\/twitter.com\/share?url=https%3A%2F%2Fcuvillier.de%2Fsites%2Fprodukt%2Fleitlinien-unfallchirurgie-abo%2F&text=Leitlinien%20Unfallchirurgie%20%E2%80%93%20E-Book%20Abo%20%E2%80%93%20nur%20f%C3%BCr%20bisherige%20K%C3%A4ufer%20der%20ULL\" title=\"Bei Twitter teilen\" aria-label=\"Bei Twitter teilen\" role=\"button\" rel=\"noopener nofollow\" class=\"shariff-link\" style=\"; background-color:#55acee; color:#fff\" target=\"_blank\"><span class=\"shariff-icon\" style=\"\"><svg width=\"32px\" height=\"20px\" xmlns=\"http:\/\/www.w3.org\/2000\/svg\" viewBox=\"0 0 30 32\"><path fill=\"#55acee\" d=\"M29.7 6.8q-1.2 1.8-3 3.1 0 0.3 0 0.8 0 2.5-0.7 4.9t-2.2 4.7-3.5 4-4.9 2.8-6.1 1q-5.1 0-9.3-2.7 0.6 0.1 1.5 0.1 4.3 0 7.6-2.6-2-0.1-3.5-1.2t-2.2-3q0.6 0.1 1.1 0.1 0.8 0 1.6-0.2-2.1-0.4-3.5-2.1t-1.4-3.9v-0.1q1.3 0.7 2.8 0.8-1.2-0.8-2-2.2t-0.7-2.9q0-1.7 0.8-3.1 2.3 2.8 5.5 4.5t7 1.9q-0.2-0.7-0.2-1.4 0-2.5 1.8-4.3t4.3-1.8q2.7 0 4.5 1.9 2.1-0.4 3.9-1.5-0.7 2.2-2.7 3.4 1.8-0.2 3.5-0.9z\"\/><\/svg><\/span><\/a><\/li><li class=\"shariff-button pinterest shariff-nocustomcolor\" style=\"background-color:#e70f18\"><a href=\"https:\/\/www.pinterest.com\/pin\/create\/link\/?url=https%3A%2F%2Fcuvillier.de%2Fsites%2Fprodukt%2Fleitlinien-unfallchirurgie-abo%2F&media=https%3A%2F%2Fcuvillier.de%2Fsites%2Fwp-content%2Fuploads%2F2019-09-27_Umschlag_LL_Vorderseite.png&description=Leitlinien%20Unfallchirurgie%20%E2%80%93%20E-Book%20Abo%20%E2%80%93%20nur%20f%C3%BCr%20bisherige%20K%C3%A4ufer%20der%20ULL\" title=\"Bei Pinterest pinnen\" aria-label=\"Bei Pinterest pinnen\" role=\"button\" rel=\"noopener nofollow\" class=\"shariff-link\" style=\"; background-color:#cb2027; color:#fff\" target=\"_blank\"><span class=\"shariff-icon\" style=\"\"><svg width=\"32px\" height=\"20px\" xmlns=\"http:\/\/www.w3.org\/2000\/svg\" viewBox=\"0 0 27 32\"><path fill=\"#cb2027\" d=\"M27.4 16q0 3.7-1.8 6.9t-5 5-6.9 1.9q-2 0-3.9-0.6 1.1-1.7 1.4-2.9 0.2-0.6 1-3.8 0.4 0.7 1.3 1.2t2 0.5q2.1 0 3.8-1.2t2.7-3.4 0.9-4.8q0-2-1.1-3.8t-3.1-2.9-4.5-1.2q-1.9 0-3.5 0.5t-2.8 1.4-2 2-1.2 2.3-0.4 2.4q0 1.9 0.7 3.3t2.1 2q0.5 0.2 0.7-0.4 0-0.1 0.1-0.5t0.2-0.5q0.1-0.4-0.2-0.8-0.9-1.1-0.9-2.7 0-2.7 1.9-4.6t4.9-2q2.7 0 4.2 1.5t1.5 3.8q0 3-1.2 5.2t-3.1 2.1q-1.1 0-1.7-0.8t-0.4-1.9q0.1-0.6 0.5-1.7t0.5-1.8 0.2-1.4q0-0.9-0.5-1.5t-1.4-0.6q-1.1 0-1.9 1t-0.8 2.6q0 1.3 0.4 2.2l-1.8 7.5q-0.3 1.2-0.2 3.2-3.7-1.6-6-5t-2.3-7.6q0-3.7 1.9-6.9t5-5 6.9-1.9 6.9 1.9 5 5 1.8 6.9z\"\/><\/svg><\/span><\/a><\/li><li class=\"shariff-button info shariff-nocustomcolor\" style=\"background-color:#eee\"><a href=\"http:\/\/ct.de\/-2467514\" title=\"Weitere Informationen\" aria-label=\"Weitere Informationen\" role=\"button\" rel=\"noopener \" class=\"shariff-link\" style=\"; background-color:#fff; color:#fff\" target=\"_blank\"><span class=\"shariff-icon\" style=\"\"><svg width=\"32px\" height=\"20px\" xmlns=\"http:\/\/www.w3.org\/2000\/svg\" viewBox=\"0 0 11 32\"><path fill=\"#999\" d=\"M11.4 24v2.3q0 0.5-0.3 0.8t-0.8 0.4h-9.1q-0.5 0-0.8-0.4t-0.4-0.8v-2.3q0-0.5 0.4-0.8t0.8-0.4h1.1v-6.8h-1.1q-0.5 0-0.8-0.4t-0.4-0.8v-2.3q0-0.5 0.4-0.8t0.8-0.4h6.8q0.5 0 0.8 0.4t0.4 0.8v10.3h1.1q0.5 0 0.8 0.4t0.3 0.8zM9.2 3.4v3.4q0 0.5-0.4 0.8t-0.8 0.4h-4.6q-0.4 0-0.8-0.4t-0.4-0.8v-3.4q0-0.4 0.4-0.8t0.8-0.4h4.6q0.5 0 0.8 0.4t0.4 0.8z\"\/><\/svg><\/span><\/a><\/li><\/ul><\/div>","protected":false},"excerpt":{"rendered":"<p><strong>Titel<\/strong> Leitlinien Unfallchirurgie Abonnement<br \/>\n<strong>ISBN-13<\/strong> 9783736960923<br \/>\n<strong>5. erweiterte \u00fcberarbeitete Neuauflage<\/strong><\/p>\n<p>Das eBook darf nur als Einzelplatzversion verwendet werden. Wenn Sie Mehrplatzversionen w\u00fcnschen, k\u00f6nnen Sie die Serverlizenz in unserem Online-Shop erwerben: <a href=\"https:\/\/cuvillier.de\/sites\/leitlinien-unfallchirurgie\" target=\"_blank\" rel=\"noopener\">Zum Shop<\/a>.<\/p>\n","protected":false},"featured_media":14696,"template":"","meta":{"_monsterinsights_skip_tracking":false,"_monsterinsights_sitenote_active":false,"_monsterinsights_sitenote_note":"","_monsterinsights_sitenote_category":0},"product_cat":[1210],"product_tag":[],"acf":[],"yoast_head":"<!-- This site is optimized with the Yoast SEO plugin v20.7 - https:\/\/yoast.com\/wordpress\/plugins\/seo\/ -->\n<title>Leitlinien Unfallchirurgie - E-Book Abo - nur f\u00fcr bisherige K\u00e4ufer der ULL | Cuvillier Verlag<\/title>\n<meta name=\"robots\" content=\"index, follow, max-snippet:-1, max-image-preview:large, max-video-preview:-1\" \/>\n<link rel=\"canonical\" href=\"https:\/\/cuvillier.de\/sites\/produkt\/leitlinien-unfallchirurgie-abo\/\" \/>\n<meta property=\"og:locale\" content=\"de_DE\" \/>\n<meta property=\"og:type\" content=\"article\" \/>\n<meta property=\"og:title\" content=\"Leitlinien Unfallchirurgie - E-Book Abo - nur f\u00fcr bisherige K\u00e4ufer der ULL | Cuvillier Verlag\" \/>\n<meta property=\"og:description\" content=\"Titel Leitlinien Unfallchirurgie Abonnement ISBN-13 9783736960923 5. erweiterte \u00fcberarbeitete Neuauflage  Das eBook darf nur als Einzelplatzversion verwendet werden. Wenn Sie Mehrplatzversionen w\u00fcnschen, k\u00f6nnen Sie die Serverlizenz in unserem Online-Shop erwerben: Zum Shop.\" \/>\n<meta property=\"og:url\" content=\"https:\/\/cuvillier.de\/sites\/produkt\/leitlinien-unfallchirurgie-abo\/\" \/>\n<meta property=\"og:site_name\" content=\"Cuvillier Verlag\" \/>\n<meta property=\"article:publisher\" content=\"https:\/\/www.facebook.com\/Cuvillier.Verlag\/\" \/>\n<meta property=\"article:modified_time\" content=\"2019-12-18T08:24:52+00:00\" \/>\n<meta property=\"og:image\" content=\"https:\/\/cuvillier.de\/sites\/wp-content\/uploads\/2019-09-27_Umschlag_LL_Vorderseite.png\" \/>\n\t<meta property=\"og:image:width\" content=\"400\" \/>\n\t<meta property=\"og:image:height\" content=\"566\" \/>\n\t<meta property=\"og:image:type\" content=\"image\/png\" \/>\n<meta name=\"twitter:card\" content=\"summary_large_image\" \/>\n<meta name=\"twitter:label1\" content=\"Gesch\u00e4tzte Lesezeit\" \/>\n\t<meta name=\"twitter:data1\" content=\"2 Minuten\" \/>\n<script type=\"application\/ld+json\" class=\"yoast-schema-graph\">{\"@context\":\"https:\/\/schema.org\",\"@graph\":[{\"@type\":\"WebPage\",\"@id\":\"https:\/\/cuvillier.de\/sites\/produkt\/leitlinien-unfallchirurgie-abo\/\",\"url\":\"https:\/\/cuvillier.de\/sites\/produkt\/leitlinien-unfallchirurgie-abo\/\",\"name\":\"Leitlinien Unfallchirurgie - E-Book Abo - nur f\u00fcr bisherige K\u00e4ufer der ULL | Cuvillier Verlag\",\"isPartOf\":{\"@id\":\"https:\/\/cuvillier.de\/sites\/#website\"},\"datePublished\":\"2019-10-02T09:38:13+00:00\",\"dateModified\":\"2019-12-18T08:24:52+00:00\",\"breadcrumb\":{\"@id\":\"https:\/\/cuvillier.de\/sites\/produkt\/leitlinien-unfallchirurgie-abo\/#breadcrumb\"},\"inLanguage\":\"de-DE\",\"potentialAction\":[{\"@type\":\"ReadAction\",\"target\":[\"https:\/\/cuvillier.de\/sites\/produkt\/leitlinien-unfallchirurgie-abo\/\"]}]},{\"@type\":\"BreadcrumbList\",\"@id\":\"https:\/\/cuvillier.de\/sites\/produkt\/leitlinien-unfallchirurgie-abo\/#breadcrumb\",\"itemListElement\":[{\"@type\":\"ListItem\",\"position\":1,\"name\":\"Startseite\",\"item\":\"https:\/\/cuvillier.de\/sites\/\"},{\"@type\":\"ListItem\",\"position\":2,\"name\":\"Shop\",\"item\":\"https:\/\/cuvillier.de\/sites\/shop\/\"},{\"@type\":\"ListItem\",\"position\":3,\"name\":\"Leitlinien Unfallchirurgie &#8211; E-Book Abo &#8211; nur f\u00fcr bisherige K\u00e4ufer der ULL\"}]},{\"@type\":\"WebSite\",\"@id\":\"https:\/\/cuvillier.de\/sites\/#website\",\"url\":\"https:\/\/cuvillier.de\/sites\/\",\"name\":\"Cuvillier Verlag\",\"description\":\"Internationaler Fachverlag f\u00fcr Wissenschaft und Wirtschaftg\",\"potentialAction\":[{\"@type\":\"SearchAction\",\"target\":{\"@type\":\"EntryPoint\",\"urlTemplate\":\"https:\/\/cuvillier.de\/sites\/?s={search_term_string}\"},\"query-input\":\"required name=search_term_string\"}],\"inLanguage\":\"de-DE\"}]}<\/script>\n<!-- \/ Yoast SEO plugin. -->","yoast_head_json":{"title":"Leitlinien Unfallchirurgie - E-Book Abo - nur f\u00fcr bisherige K\u00e4ufer der ULL | Cuvillier Verlag","robots":{"index":"index","follow":"follow","max-snippet":"max-snippet:-1","max-image-preview":"max-image-preview:large","max-video-preview":"max-video-preview:-1"},"canonical":"https:\/\/cuvillier.de\/sites\/produkt\/leitlinien-unfallchirurgie-abo\/","og_locale":"de_DE","og_type":"article","og_title":"Leitlinien Unfallchirurgie - E-Book Abo - nur f\u00fcr bisherige K\u00e4ufer der ULL | Cuvillier Verlag","og_description":"Titel Leitlinien Unfallchirurgie Abonnement ISBN-13 9783736960923 5. erweiterte \u00fcberarbeitete Neuauflage  Das eBook darf nur als Einzelplatzversion verwendet werden. Wenn Sie Mehrplatzversionen w\u00fcnschen, k\u00f6nnen Sie die Serverlizenz in unserem Online-Shop erwerben: Zum Shop.","og_url":"https:\/\/cuvillier.de\/sites\/produkt\/leitlinien-unfallchirurgie-abo\/","og_site_name":"Cuvillier Verlag","article_publisher":"https:\/\/www.facebook.com\/Cuvillier.Verlag\/","article_modified_time":"2019-12-18T08:24:52+00:00","og_image":[{"width":400,"height":566,"url":"https:\/\/cuvillier.de\/sites\/wp-content\/uploads\/2019-09-27_Umschlag_LL_Vorderseite.png","type":"image\/png"}],"twitter_card":"summary_large_image","twitter_misc":{"Gesch\u00e4tzte Lesezeit":"2 Minuten"},"schema":{"@context":"https:\/\/schema.org","@graph":[{"@type":"WebPage","@id":"https:\/\/cuvillier.de\/sites\/produkt\/leitlinien-unfallchirurgie-abo\/","url":"https:\/\/cuvillier.de\/sites\/produkt\/leitlinien-unfallchirurgie-abo\/","name":"Leitlinien Unfallchirurgie - E-Book Abo - nur f\u00fcr bisherige K\u00e4ufer der ULL | Cuvillier Verlag","isPartOf":{"@id":"https:\/\/cuvillier.de\/sites\/#website"},"datePublished":"2019-10-02T09:38:13+00:00","dateModified":"2019-12-18T08:24:52+00:00","breadcrumb":{"@id":"https:\/\/cuvillier.de\/sites\/produkt\/leitlinien-unfallchirurgie-abo\/#breadcrumb"},"inLanguage":"de-DE","potentialAction":[{"@type":"ReadAction","target":["https:\/\/cuvillier.de\/sites\/produkt\/leitlinien-unfallchirurgie-abo\/"]}]},{"@type":"BreadcrumbList","@id":"https:\/\/cuvillier.de\/sites\/produkt\/leitlinien-unfallchirurgie-abo\/#breadcrumb","itemListElement":[{"@type":"ListItem","position":1,"name":"Startseite","item":"https:\/\/cuvillier.de\/sites\/"},{"@type":"ListItem","position":2,"name":"Shop","item":"https:\/\/cuvillier.de\/sites\/shop\/"},{"@type":"ListItem","position":3,"name":"Leitlinien Unfallchirurgie &#8211; E-Book Abo &#8211; nur f\u00fcr bisherige K\u00e4ufer der ULL"}]},{"@type":"WebSite","@id":"https:\/\/cuvillier.de\/sites\/#website","url":"https:\/\/cuvillier.de\/sites\/","name":"Cuvillier Verlag","description":"Internationaler Fachverlag f\u00fcr Wissenschaft und Wirtschaftg","potentialAction":[{"@type":"SearchAction","target":{"@type":"EntryPoint","urlTemplate":"https:\/\/cuvillier.de\/sites\/?s={search_term_string}"},"query-input":"required name=search_term_string"}],"inLanguage":"de-DE"}]}},"_links":{"self":[{"href":"https:\/\/cuvillier.de\/sites\/wp-json\/wp\/v2\/product\/14907"}],"collection":[{"href":"https:\/\/cuvillier.de\/sites\/wp-json\/wp\/v2\/product"}],"about":[{"href":"https:\/\/cuvillier.de\/sites\/wp-json\/wp\/v2\/types\/product"}],"wp:featuredmedia":[{"embeddable":true,"href":"https:\/\/cuvillier.de\/sites\/wp-json\/wp\/v2\/media\/14696"}],"wp:attachment":[{"href":"https:\/\/cuvillier.de\/sites\/wp-json\/wp\/v2\/media?parent=14907"}],"wp:term":[{"taxonomy":"product_cat","embeddable":true,"href":"https:\/\/cuvillier.de\/sites\/wp-json\/wp\/v2\/product_cat?post=14907"},{"taxonomy":"product_tag","embeddable":true,"href":"https:\/\/cuvillier.de\/sites\/wp-json\/wp\/v2\/product_tag?post=14907"}],"curies":[{"name":"wp","href":"https:\/\/api.w.org\/{rel}","templated":true}]}}